{"id":16092,"date":"2023-10-05T22:35:24","date_gmt":"2023-10-05T20:35:24","guid":{"rendered":"https:\/\/www.apartamentoscampodelprincipe.com\/happenings\/"},"modified":"2025-01-09T12:54:44","modified_gmt":"2025-01-09T11:54:44","slug":"granada","status":"publish","type":"page","link":"https:\/\/www.apartamentoscampodelprincipe.com\/fr\/granada\/","title":{"rendered":"Granada"},"content":{"rendered":"[vc_row type=&#8221;in_container&#8221; full_screen_row_position=&#8221;middle&#8221; column_margin=&#8221;default&#8221; column_direction=&#8221;default&#8221; column_direction_tablet=&#8221;default&#8221; column_direction_phone=&#8221;default&#8221; scene_position=&#8221;center&#8221; text_color=&#8221;light&#8221; text_align=&#8221;center&#8221; row_border_radius=&#8221;none&#8221; row_border_radius_applies=&#8221;bg&#8221; color_overlay=&#8221;rgba(10,10,10,0.7)&#8221; overlay_strength=&#8221;0.3&#8243; gradient_direction=&#8221;top_to_bottom&#8221; shape_divider_position=&#8221;bottom&#8221; bg_image_animation=&#8221;none&#8221; shape_type=&#8221;&#8221;][vc_column column_padding=&#8221;no-extra-padding&#8221; column_padding_tablet=&#8221;inherit&#8221; column_padding_phone=&#8221;inherit&#8221; column_padding_position=&#8221;all&#8221; background_color_opacity=&#8221;1&#8243; background_hover_color_opacity=&#8221;1&#8243; column_shadow=&#8221;none&#8221; column_border_radius=&#8221;none&#8221; column_link_target=&#8221;_self&#8221; gradient_direction=&#8221;left_to_right&#8221; overlay_strength=&#8221;0.3&#8243; width=&#8221;1\/1&#8243; tablet_width_inherit=&#8221;default&#8221; tablet_text_alignment=&#8221;default&#8221; phone_text_alignment=&#8221;default&#8221; column_border_width=&#8221;none&#8221; column_border_style=&#8221;solid&#8221; bg_image_animation=&#8221;none&#8221;]<div data-midnight=\"nectar-slider\" class=\"parallax_slider_outer \"><div  data-transition=\"fade\" data-overall_style=\"classic\" data-flexible-height=\"\" data-animate-in-effect=\"none\" data-fullscreen=\"true\" data-button-sizing=\"regular\" data-button-styling=\"btn_with_count\" data-autorotate=\"5600\" data-parallax=\"true\" data-parallax-disable-mobile=\"\" data-caption-trans=\"none\" data-parallax-style=\"bg_only\" data-bg-animation=\"none\" data-full-width=\"true\" class=\"nectar-slider-wrap \" id=\"nectar-slider-instance-1\"><div class=\"swiper-container\"  data-tho=\"auto\" data-tco=\"auto\" data-pho=\"auto\" data-pco=\"auto\" data-loop=\"true\" data-height=\"650\" data-min-height=\"\" data-arrows=\"false\" data-bullets=\"true\" data-bullet_style=\"see_through_ar_visualized\" data-bullet_position=\"left\" data-desktop-swipe=\"true\" data-settings=\"\"> <div class=\"swiper-wrapper\"><div class=\"swiper-slide\" data-desktop-content-width=\"auto\" data-tablet-content-width=\"auto\" data-bg-alignment=\"center\" data-color-scheme=\"light\" data-x-pos=\"left\" data-y-pos=\"bottom\" ><div class=\"slide-bg-wrap\"><div class=\"image-bg\" style=\"background-image: url(https:\/\/www.apartamentoscampodelprincipe.com\/wp-content\/uploads\/2024\/11\/campo_del_principe-mirador.jpg);\"> &nbsp; <\/div><\/div><div class=\"container\">\n\t\t\t\t\t\t<div class=\"content\"><h1>Granada<\/h1><\/div>\n\t\t\t\t\t\t\t\t<\/div><!--\/container--><a href=\"#\" class=\"slider-down-arrow\"><i class=\"icon-salient-down-arrow icon-default-style\"> <span class=\"ie-fix\"><\/span> <\/i><\/a><div class=\"video-texture \"> <span class=\"ie-fix\"><\/span> <\/div><\/div> <!--\/swiper-slide--><\/div><div class=\"nectar-slider-loading \"> <span class=\"loading-icon none\">   <\/span> <\/div> <\/div> \n\t\t\t\t\t\n\t\t\t\t\t<\/div><\/div>[\/vc_column][\/vc_row][vc_row type=&#8221;full_width_background&#8221; full_screen_row_position=&#8221;middle&#8221; column_margin=&#8221;90px&#8221; column_direction=&#8221;default&#8221; column_direction_tablet=&#8221;default&#8221; column_direction_phone=&#8221;default&#8221; bg_color=&#8221;#ffffff&#8221; scene_position=&#8221;center&#8221; top_padding=&#8221;4%&#8221; bottom_padding_phone=&#8221;20%&#8221; text_color=&#8221;dark&#8221; text_align=&#8221;left&#8221; row_border_radius=&#8221;none&#8221; row_border_radius_applies=&#8221;bg&#8221; overlay_strength=&#8221;0.3&#8243; gradient_direction=&#8221;left_to_right&#8221; shape_divider_position=&#8221;bottom&#8221; shape_divider_height=&#8221;100&#8243; bg_image_animation=&#8221;none&#8221; parallax_bg=&#8221;true&#8221; parallax_bg_speed=&#8221;slow&#8221; shape_type=&#8221;speech&#8221;][vc_column column_padding=&#8221;no-extra-padding&#8221; column_padding_tablet=&#8221;inherit&#8221; column_padding_phone=&#8221;inherit&#8221; column_padding_position=&#8221;left-right&#8221; background_color_opacity=&#8221;1&#8243; background_hover_color_opacity=&#8221;1&#8243; column_shadow=&#8221;none&#8221; column_border_radius=&#8221;none&#8221; column_link_target=&#8221;_self&#8221; gradient_direction=&#8221;left_to_right&#8221; overlay_strength=&#8221;0.3&#8243; width=&#8221;1\/6&#8243; tablet_width_inherit=&#8221;default&#8221; tablet_text_alignment=&#8221;default&#8221; phone_text_alignment=&#8221;default&#8221; column_border_width=&#8221;none&#8221; column_border_style=&#8221;solid&#8221; bg_image_animation=&#8221;none&#8221;][\/vc_column][vc_column column_padding=&#8221;padding-3-percent&#8221; column_padding_tablet=&#8221;inherit&#8221; column_padding_phone=&#8221;inherit&#8221; column_padding_position=&#8221;left-right&#8221; background_color=&#8221;#ffffff&#8221; background_color_opacity=&#8221;0.9&#8243; background_hover_color_opacity=&#8221;1&#8243; column_shadow=&#8221;none&#8221; column_border_radius=&#8221;none&#8221; column_link_target=&#8221;_self&#8221; zindex=&#8221;100&#8243; gradient_direction=&#8221;left_to_right&#8221; overlay_strength=&#8221;0.3&#8243; width=&#8221;2\/3&#8243; tablet_width_inherit=&#8221;default&#8221; tablet_text_alignment=&#8221;default&#8221; phone_text_alignment=&#8221;default&#8221; column_border_width=&#8221;none&#8221; column_border_style=&#8221;solid&#8221; bg_image_animation=&#8221;none&#8221;][vc_row_inner column_margin=&#8221;default&#8221; column_direction=&#8221;default&#8221; column_direction_tablet=&#8221;default&#8221; column_direction_phone=&#8221;default&#8221; top_padding=&#8221;2%&#8221; bottom_padding=&#8221;2%&#8221; text_align=&#8221;left&#8221;][vc_column_inner column_padding=&#8221;no-extra-padding&#8221; column_padding_tablet=&#8221;inherit&#8221; column_padding_phone=&#8221;inherit&#8221; column_padding_position=&#8221;all&#8221; bottom_margin_phone=&#8221;-20%&#8221; background_color_opacity=&#8221;1&#8243; background_hover_color_opacity=&#8221;1&#8243; column_shadow=&#8221;none&#8221; column_border_radius=&#8221;none&#8221; column_link_target=&#8221;_self&#8221; gradient_direction=&#8221;left_to_right&#8221; overlay_strength=&#8221;0.3&#8243; width=&#8221;1\/1&#8243; tablet_width_inherit=&#8221;default&#8221; column_border_width=&#8221;none&#8221; column_border_style=&#8221;solid&#8221; bg_image_animation=&#8221;none&#8221;][nectar_highlighted_text color_type=&#8221;gradient&#8221; highlight_color=&#8221;#d3b5a3&#8243; secondary_color=&#8221;rgba(0,0,0,0.01)&#8221; text_color=&#8221;#ffffff&#8221; style=&#8221;half_text&#8221; custom_font_size=&#8221;4vh&#8221;]\n<h4 style=\"text-align: center;\"><span style=\"color: #6495ed;\">Granada<\/span><\/h4>\n[\/nectar_highlighted_text][nectar_highlighted_text color_type=&#8221;gradient&#8221; highlight_color=&#8221;#d3b5a3&#8243; secondary_color=&#8221;rgba(0,0,0,0.01)&#8221; text_color=&#8221;#ffffff&#8221; style=&#8221;half_text&#8221; custom_font_size=&#8221;3vh&#8221;]\n<h2 style=\"text-align: center;\"><span style=\"color: #000000;\">Au pied de la Sierra Nevada, entre les rivi\u00e8res Darro et Genil, Grenade s&#8217;\u00e9tend avec son incomparable ar\u00f4me arabe. Sa gastronomie, son artisanat et son urbanisme sont d\u00e9termin\u00e9s par son glorieux pass\u00e9 historique.<\/span><\/h2>\n[\/nectar_highlighted_text][nectar_cta btn_style=&#8221;arrow-animation&#8221; heading_tag=&#8221;h5&#8243; text_color=&#8221;#6495ed&#8221; button_color=&#8221;default&#8221; link_type=&#8221;regular&#8221; alignment=&#8221;center&#8221; display=&#8221;block&#8221; link_text=&#8221;LIEUX \u00c0 VOIR&#8221; url=&#8221;https:\/\/www.apartamentoscampodelprincipe.com\/fr\/granada\/#mas&#8221;][\/vc_column_inner][\/vc_row_inner][\/vc_column][vc_column column_padding=&#8221;no-extra-padding&#8221; column_padding_tablet=&#8221;inherit&#8221; column_padding_phone=&#8221;inherit&#8221; column_padding_position=&#8221;all&#8221; background_color_opacity=&#8221;1&#8243; background_hover_color_opacity=&#8221;1&#8243; column_shadow=&#8221;none&#8221; column_border_radius=&#8221;none&#8221; column_link_target=&#8221;_self&#8221; gradient_direction=&#8221;left_to_right&#8221; overlay_strength=&#8221;0.3&#8243; width=&#8221;1\/6&#8243; tablet_width_inherit=&#8221;default&#8221; tablet_text_alignment=&#8221;default&#8221; phone_text_alignment=&#8221;default&#8221; column_border_width=&#8221;none&#8221; column_border_style=&#8221;solid&#8221; bg_image_animation=&#8221;none&#8221;][\/vc_column][\/vc_row][vc_row type=&#8221;in_container&#8221; full_screen_row_position=&#8221;middle&#8221; column_margin=&#8221;default&#8221; column_direction=&#8221;default&#8221; column_direction_tablet=&#8221;default&#8221; column_direction_phone=&#8221;default&#8221; scene_position=&#8221;center&#8221; top_padding=&#8221;4%&#8221; bottom_padding=&#8221;2%&#8221; text_color=&#8221;dark&#8221; text_align=&#8221;left&#8221; row_border_radius=&#8221;none&#8221; row_border_radius_applies=&#8221;bg&#8221; id=&#8221;mas&#8221; overlay_strength=&#8221;0.3&#8243; gradient_direction=&#8221;left_to_right&#8221; shape_divider_position=&#8221;bottom&#8221; bg_image_animation=&#8221;none&#8221; shape_type=&#8221;&#8221;][vc_column column_padding=&#8221;no-extra-padding&#8221; column_padding_tablet=&#8221;inherit&#8221; column_padding_phone=&#8221;inherit&#8221; column_padding_position=&#8221;all&#8221; background_color_opacity=&#8221;1&#8243; background_hover_color_opacity=&#8221;1&#8243; column_shadow=&#8221;none&#8221; column_border_radius=&#8221;none&#8221; column_link_target=&#8221;_self&#8221; gradient_direction=&#8221;left_to_right&#8221; overlay_strength=&#8221;0.3&#8243; width=&#8221;1\/1&#8243; tablet_width_inherit=&#8221;default&#8221; tablet_text_alignment=&#8221;default&#8221; phone_text_alignment=&#8221;default&#8221; column_border_width=&#8221;none&#8221; column_border_style=&#8221;solid&#8221; bg_image_animation=&#8221;none&#8221;][vc_row_inner column_margin=&#8221;none&#8221; column_direction=&#8221;default&#8221; column_direction_tablet=&#8221;default&#8221; column_direction_phone=&#8221;default&#8221; bottom_padding=&#8221;7%&#8221; text_align=&#8221;left&#8221;][vc_column_inner column_padding=&#8221;no-extra-padding&#8221; column_padding_tablet=&#8221;inherit&#8221; column_padding_phone=&#8221;inherit&#8221; column_padding_position=&#8221;all&#8221; background_color_opacity=&#8221;1&#8243; background_hover_color_opacity=&#8221;1&#8243; column_shadow=&#8221;none&#8221; column_border_radius=&#8221;none&#8221; column_link_target=&#8221;_self&#8221; gradient_direction=&#8221;left_to_right&#8221; overlay_strength=&#8221;0.3&#8243; width=&#8221;1\/1&#8243; tablet_width_inherit=&#8221;default&#8221; column_border_width=&#8221;none&#8221; column_border_style=&#8221;solid&#8221; bg_image_animation=&#8221;none&#8221;][split_line_heading animation_type=&#8221;line-reveal-by-space&#8221; font_style=&#8221;h2&#8243; text_content=&#8221;Grenade, une ville magique \u00e0 d\u00e9couvrir.&#8221; max_width=&#8221;550&#8243;]\n<h2><\/h2>\n[\/split_line_heading][\/vc_column_inner][\/vc_row_inner][vc_row_inner column_margin=&#8221;80px&#8221; column_direction=&#8221;default&#8221; column_direction_tablet=&#8221;default&#8221; column_direction_phone=&#8221;default&#8221; text_align=&#8221;left&#8221;][vc_column_inner column_padding=&#8221;padding-4-percent&#8221; column_padding_tablet=&#8221;inherit&#8221; column_padding_phone=&#8221;inherit&#8221; column_padding_position=&#8221;top-bottom&#8221; background_color_opacity=&#8221;1&#8243; background_hover_color_opacity=&#8221;1&#8243; column_shadow=&#8221;none&#8221; column_border_radius=&#8221;none&#8221; column_link_target=&#8221;_self&#8221; gradient_direction=&#8221;left_to_right&#8221; overlay_strength=&#8221;0.3&#8243; width=&#8221;1\/3&#8243; tablet_width_inherit=&#8221;default&#8221; column_border_width=&#8221;none&#8221; column_border_style=&#8221;solid&#8221; bg_image_animation=&#8221;none&#8221; enable_animation=&#8221;true&#8221; animation=&#8221;fade-in-from-bottom&#8221; delay=&#8221;50&#8243;][team_member image_url=&#8221;16690&#8243; bio_alt_image_url=&#8221;16717&#8243; team_memeber_style=&#8221;bio_fullscreen_alt&#8221; image_loading=&#8221;lazy-load&#8221; name=&#8221;Granada&#8221; job_position=&#8221;La Alhambra&#8221; team_member_mini_bio=&#8221;Une promenade matinale jusqu&#8217;\u00e0 l&#8217;Alhambra, connue comme la huiti\u00e8me merveille du monde et class\u00e9e au patrimoine mondial de l&#8217;humanit\u00e9, est la meilleure chose \u00e0 faire \u00e0 Grenade.&#8221; team_member_bio=&#8221;Une promenade matinale jusqu&#8217;\u00e0 l&#8217;Alhambra, connue comme la huiti\u00e8me merveille du monde et class\u00e9e au patrimoine mondial de l&#8217;humanit\u00e9, est la meilleure chose \u00e0 faire \u00e0 Grenade.<\/p>\n<p>Situ\u00e9 au sommet de la colline d&#8217;al-Sabika, avec la Sierra Nevada en arri\u00e8re-plan, cet imposant complexe de beaux palais, de jardins et d&#8217;une forteresse de style andalou a \u00e9t\u00e9 construit sur ordre du roi nasride Muhammad ben al-Ahmar en 1238. Apr\u00e8s la reconqu\u00eate chr\u00e9tienne, il a abrit\u00e9 l&#8217;\u00e9mir et la cour du royaume nasride, puis est devenu la r\u00e9sidence royale de Castille, tout en subissant plusieurs r\u00e9novations et agrandissements.&#8221;][divider line_type=&#8221;No Line&#8221; custom_height=&#8221;30&#8243;][team_member image_url=&#8221;16774&#8243; bio_alt_image_url=&#8221;16774&#8243; team_memeber_style=&#8221;bio_fullscreen_alt&#8221; image_loading=&#8221;lazy-load&#8221; name=&#8221;Granada&#8221; job_position=&#8221;Sacromonte&#8221; team_member_mini_bio=&#8221;Connu comme le quartier gitan, c&#8217;est l&#8217;un des endroits les plus charmants de Grenade.&#8221; team_member_bio=&#8221;Connu comme le quartier gitan, c&#8217;est l&#8217;un des endroits les plus charmants de Grenade.<br \/>\nL&#8217;une des grandes exp\u00e9riences de ce quartier est d&#8217;entrer dans l&#8217;une de ses c\u00e9l\u00e8bres grottes au coucher du soleil pour profiter d&#8217;une zambra, une f\u00eate gitane au cours de laquelle on chante et on danse le flamenco.&#8221;][\/vc_column_inner][vc_column_inner column_padding=&#8221;no-extra-padding&#8221; column_padding_tablet=&#8221;inherit&#8221; column_padding_phone=&#8221;inherit&#8221; column_padding_position=&#8221;all&#8221; background_color_opacity=&#8221;1&#8243; background_hover_color_opacity=&#8221;1&#8243; column_shadow=&#8221;none&#8221; column_border_radius=&#8221;none&#8221; column_link_target=&#8221;_self&#8221; gradient_direction=&#8221;left_to_right&#8221; overlay_strength=&#8221;0.3&#8243; width=&#8221;1\/3&#8243; tablet_width_inherit=&#8221;default&#8221; column_border_width=&#8221;none&#8221; column_border_style=&#8221;solid&#8221; bg_image_animation=&#8221;none&#8221; enable_animation=&#8221;true&#8221; animation=&#8221;fade-in-from-bottom&#8221;][team_member image_url=&#8221;16768&#8243; bio_alt_image_url=&#8221;16768&#8243; team_memeber_style=&#8221;bio_fullscreen_alt&#8221; image_loading=&#8221;lazy-load&#8221; name=&#8221;Granada&#8221; job_position=&#8221;El Albayc\u00edn&#8221; team_member_mini_bio=&#8221;L&#8217;Albaicin, class\u00e9 au patrimoine mondial de l&#8217;UNESCO, est le quartier le plus ancien et le plus charmant de Grenade.&#8221; team_member_bio=&#8221;L&#8217;Albaicin, class\u00e9 au patrimoine mondial de l&#8217;UNESCO, est le quartier le plus ancien et le plus charmant de Grenade.<br \/>\nCe quartier, qui s&#8217;\u00e9tend de la colline de San Miguel \u00e0 la rue Elvira, est id\u00e9al pour se perdre dans ses ruelles labyrinthiques o\u00f9 l&#8217;essence arabe subsiste et pour trouver ses coins les plus charmants.&#8221;][divider line_type=&#8221;No Line&#8221; custom_height=&#8221;30&#8243;][team_member image_url=&#8221;16714&#8243; bio_alt_image_url=&#8221;16714&#8243; team_memeber_style=&#8221;bio_fullscreen_alt&#8221; image_loading=&#8221;lazy-load&#8221; name=&#8221;Granada&#8221; job_position=&#8221;Mirador San Nicolas&#8221; team_member_mini_bio=&#8221;Situ\u00e9 dans la partie haute du quartier de l&#8217;Albaic\u00edn, le Mirador de San Nicol\u00e1s est le point de vue le plus populaire de Grenade car il offre la meilleure vue sur l&#8217;Alhambra avec les montagnes enneig\u00e9es de la Sierra Nevada en arri\u00e8re-plan.&#8221; team_member_bio=&#8221;Situ\u00e9 dans la partie haute du quartier de l&#8217;Albaic\u00edn, le Mirador de San Nicol\u00e1s est le point de vue le plus populaire de Grenade car il offre la meilleure vue sur l&#8217;Alhambra avec les montagnes enneig\u00e9es de la Sierra Nevada en arri\u00e8re-plan.<br \/>\nLe meilleur moment pour se rendre au belv\u00e9d\u00e8re est juste avant le coucher du soleil, pour s&#8217;asseoir sur le mur et attendre que le soleil se couche, tandis que la ville s&#8217;illumine.<br \/>\nS&#8217;il y a beaucoup de monde, vous pouvez aller \u00e0 la Placeta de los Carvajales, qui offre une excellente vue sur l&#8217;Alhambra et le Generalife, ou aller dans la cour de la Grande Mosqu\u00e9e de Grenade, qui offre une vue plus paisible sur l&#8217;Alhambra.&#8221;][\/vc_column_inner][vc_column_inner column_padding=&#8221;padding-4-percent&#8221; column_padding_tablet=&#8221;inherit&#8221; column_padding_phone=&#8221;inherit&#8221; column_padding_position=&#8221;top-bottom&#8221; background_color_opacity=&#8221;1&#8243; background_hover_color_opacity=&#8221;1&#8243; column_shadow=&#8221;none&#8221; column_border_radius=&#8221;none&#8221; column_link_target=&#8221;_self&#8221; gradient_direction=&#8221;left_to_right&#8221; overlay_strength=&#8221;0.3&#8243; width=&#8221;1\/3&#8243; tablet_width_inherit=&#8221;default&#8221; column_border_width=&#8221;none&#8221; column_border_style=&#8221;solid&#8221; bg_image_animation=&#8221;none&#8221; enable_animation=&#8221;true&#8221; animation=&#8221;fade-in-from-bottom&#8221; delay=&#8221;100&#8243;][team_member image_url=&#8221;16771&#8243; bio_alt_image_url=&#8221;16771&#8243; team_memeber_style=&#8221;bio_fullscreen_alt&#8221; image_loading=&#8221;lazy-load&#8221; name=&#8221;Granada&#8221; job_position=&#8221;Paseo de los Tristes&#8221; team_member_mini_bio=&#8221;Tr\u00e8s loin, derri\u00e8re les montagnes de mots, loin des pays Vokalia et Consonantia, vivent les textes aveugles.&#8221; team_member_bio=&#8221;Le Paseo de los Tristes, situ\u00e9 entre l&#8217;Alhambra et l&#8217;Albaic\u00edn, en bordure de la rivi\u00e8re Darro, est un autre des plus beaux endroits \u00e0 visiter \u00e0 Grenade.<br \/>\nBien qu&#8217;il s&#8217;agisse officiellement du Paseo del Padre Manj\u00f3n, il est populairement connu sous le nom de Paseo de los Tristes, car il servait autrefois de chemin vers le cimeti\u00e8re de San Jos\u00e9.<br \/>\nAujourd&#8217;hui, cette belle promenade au c\u0153ur de Grenade, situ\u00e9e entre les ponts arabes de Las Chirim\u00edas et de l&#8217;Aljibillo, pr\u00e9sente plusieurs points d&#8217;int\u00e9r\u00eat tels que la sculpture du danseur Mario Maya, l&#8217;\u00e9glise de San Pedro et San Pablo et, surtout, la Casa de Castril, une fantastique maison Renaissance du XVIe si\u00e8cle dot\u00e9e d&#8217;un curieux balcon fortifi\u00e9 qui cache une l\u00e9gende.&#8221;][divider line_type=&#8221;No Line&#8221; custom_height=&#8221;30&#8243;][team_member image_url=&#8221;16777&#8243; bio_alt_image_url=&#8221;16777&#8243; team_memeber_style=&#8221;bio_fullscreen_alt&#8221; image_loading=&#8221;lazy-load&#8221; name=&#8221;Granada&#8221; job_position=&#8221;Cath\u00e9drale&#8221; team_member_mini_bio=&#8221;La cath\u00e9drale, situ\u00e9e dans le centre historique et construite entre 1523 et 1706 sur le site d&#8217;une ancienne mosqu\u00e9e, est le principal temple religieux et l&#8217;un des plus beaux sites \u00e0 voir \u00e0 Grenade.&#8221; team_member_bio=&#8221;La cath\u00e9drale, situ\u00e9e dans le centre historique et construite entre 1523 et 1706 sur le site d&#8217;une ancienne mosqu\u00e9e, est le principal temple religieux et l&#8217;un des plus beaux sites \u00e0 voir \u00e0 Grenade.<br \/>\nChef-d&#8217;\u0153uvre de la Renaissance espagnole, la fa\u00e7ade principale s\u00e9duit par son m\u00e9lange de styles, parmi lesquels le baroque pr\u00e9domine, tandis que l&#8217;int\u00e9rieur impressionne par ses dimensions \u00e9normes, ses hautes colonnes classiques et ses belles chapelles, parmi lesquelles se distingue la Capilla Mayor, bien que la plus belle soit sans aucun doute la Capilla Real, la chapelle royale, dont la plus belle est la chapelle royale, la plus belle est la chapelle royale (les photos ne sont pas autoris\u00e9es), situ\u00e9e dans une annexe de la cath\u00e9drale et o\u00f9 reposent les tombes des Rois Catholiques, de leur fille h\u00e9riti\u00e8re Juana la Loca, de son mari Felipe el Hermoso et de l&#8217;enfant Miguel de la Paz.&#8221;][\/vc_column_inner][\/vc_row_inner][\/vc_column][\/vc_row]\n","protected":false},"excerpt":{"rendered":"<p>[vc_row type=&#8221;in_container&#8221; full_screen_row_position=&#8221;middle&#8221; column_margin=&#8221;default&#8221; column_direction=&#8221;default&#8221; column_direction_tablet=&#8221;default&#8221; column_direction_phone=&#8221;default&#8221; scene_position=&#8221;center&#8221; text_color=&#8221;light&#8221; text_align=&#8221;center&#8221; row_border_radius=&#8221;none&#8221; row_border_radius_applies=&#8221;bg&#8221; color_overlay=&#8221;rgba(10,10,10,0.7)&#8221; overlay_strength=&#8221;0.3&#8243; gradient_direction=&#8221;top_to_bottom&#8221; shape_divider_position=&#8221;bottom&#8221; bg_image_animation=&#8221;none&#8221; shape_type=&#8221;&#8221;][vc_column column_padding=&#8221;no-extra-padding&#8221; column_padding_tablet=&#8221;inherit&#8221; column_padding_phone=&#8221;inherit&#8221; column_padding_position=&#8221;all&#8221; background_color_opacity=&#8221;1&#8243; background_hover_color_opacity=&#8221;1&#8243; column_shadow=&#8221;none&#8221; column_border_radius=&#8221;none&#8221; column_link_target=&#8221;_self&#8221; gradient_direction=&#8221;left_to_right&#8221; overlay_strength=&#8221;0.3&#8243; width=&#8221;1\/1&#8243;&#8230;<\/p>\n","protected":false},"author":2,"featured_media":0,"parent":0,"menu_order":0,"comment_status":"closed","ping_status":"closed","template":"","meta":{"footnotes":""},"class_list":["post-16092","page","type-page","status-publish"],"_links":{"self":[{"href":"https:\/\/www.apartamentoscampodelprincipe.com\/fr\/wp-json\/wp\/v2\/pages\/16092","targetHints":{"allow":["GET"]}}],"collection":[{"href":"https:\/\/www.apartamentoscampodelprincipe.com\/fr\/wp-json\/wp\/v2\/pages"}],"about":[{"href":"https:\/\/www.apartamentoscampodelprincipe.com\/fr\/wp-json\/wp\/v2\/types\/page"}],"author":[{"embeddable":true,"href":"https:\/\/www.apartamentoscampodelprincipe.com\/fr\/wp-json\/wp\/v2\/users\/2"}],"replies":[{"embeddable":true,"href":"https:\/\/www.apartamentoscampodelprincipe.com\/fr\/wp-json\/wp\/v2\/comments?post=16092"}],"version-history":[{"count":8,"href":"https:\/\/www.apartamentoscampodelprincipe.com\/fr\/wp-json\/wp\/v2\/pages\/16092\/revisions"}],"predecessor-version":[{"id":16972,"href":"https:\/\/www.apartamentoscampodelprincipe.com\/fr\/wp-json\/wp\/v2\/pages\/16092\/revisions\/16972"}],"wp:attachment":[{"href":"https:\/\/www.apartamentoscampodelprincipe.com\/fr\/wp-json\/wp\/v2\/media?parent=16092"}],"curies":[{"name":"wp","href":"https:\/\/api.w.org\/{rel}","templated":true}]}}